{"id":25,"date":"2023-11-14T20:45:23","date_gmt":"2023-11-15T01:45:23","guid":{"rendered":"https:\/\/epicfumbles.com\/?page_id=25"},"modified":"2024-03-12T09:52:34","modified_gmt":"2024-03-12T13:52:34","slug":"qui-nous-sommes","status":"publish","type":"page","link":"https:\/\/epicfumbles.com\/en\/qui-nous-sommes\/","title":{"rendered":"Who we are"},"content":{"rendered":"<p>[et_pb_section fb_built=\u00a0\u00bb1&Prime; _builder_version=\u00a0\u00bb4.24.0&Prime; _module_preset=\u00a0\u00bbdefault\u00a0\u00bb background_image=\u00a0\u00bbhttps:\/\/epicfumbles.com\/wp-content\/uploads\/2023\/11\/hero.jpg\u00a0\u00bb parallax=\u00a0\u00bbon\u00a0\u00bb height=\u00a0\u00bb50vh\u00a0\u00bb height_tablet=\u00a0\u00bb50vh\u00a0\u00bb height_phone=\u00a0\u00bb50vh\u00a0\u00bb height_last_edited=\u00a0\u00bbon|phone\u00a0\u00bb custom_padding=\u00a0\u00bb0px||0px||true|false\u00a0\u00bb custom_css_main_element=\u00a0\u00bbdisplay: flex;||align-items: center;||justify-content: space-between;||flex-direction: column;\u00a0\u00bb global_colors_info=\u00a0\u00bb{}\u00a0\u00bb][et_pb_row _builder_version=\u00a0\u00bb4.23.4&Prime; _module_preset=\u00a0\u00bbdefault\u00a0\u00bb global_colors_info=\u00a0\u00bb{}\u00a0\u00bb][et_pb_column type=\u00a0\u00bb4_4&Prime; _builder_version=\u00a0\u00bb4.23.4&Prime; _module_preset=\u00a0\u00bbdefault\u00a0\u00bb global_colors_info=\u00a0\u00bb{}\u00a0\u00bb][et_pb_text _builder_version=\u00a0\u00bb4.23.4&Prime; _module_preset=\u00a0\u00bbdefault\u00a0\u00bb header_text_color=\u00a0\u00bb#FFFFFF\u00a0\u00bb custom_padding=\u00a0\u00bb100px|||||\u00a0\u00bb global_colors_info=\u00a0\u00bb{}\u00a0\u00bb]<\/p>\n<h1 style=\"text-align: center;\">Qui nous sommes<\/h1>\n<p>[\/et_pb_text][et_pb_image src=\u00a0\u00bbhttps:\/\/epicfumbles.com\/wp-content\/uploads\/2024\/01\/hero-separator.png\u00a0\u00bb title_text=\u00a0\u00bbhero-separator\u00a0\u00bb align=\u00a0\u00bbcenter\u00a0\u00bb _builder_version=\u00a0\u00bb4.23.4&Prime; _module_preset=\u00a0\u00bbdefault\u00a0\u00bb max_width=\u00a0\u00bb25%\u00a0\u00bb global_colors_info=\u00a0\u00bb{}\u00a0\u00bb][\/et_pb_image][\/et_pb_column][\/et_pb_row][\/et_pb_section][et_pb_section fb_built=\u00a0\u00bb1&Prime; module_id=\u00a0\u00bbepicFumbles\u00a0\u00bb _builder_version=\u00a0\u00bb4.24.2&Prime; _module_preset=\u00a0\u00bbdefault\u00a0\u00bb background_color=\u00a0\u00bbrgba(12,39,51,0.08)\u00a0\u00bb background_image=\u00a0\u00bbhttps:\/\/epicfumbles.com\/wp-content\/uploads\/2024\/01\/Group-98.png\u00a0\u00bb background_size=\u00a0\u00bbcustom\u00a0\u00bb background_position=\u00a0\u00bbcenter_left\u00a0\u00bb custom_margin=\u00a0\u00bb||||false|false\u00a0\u00bb custom_padding=\u00a0\u00bb15vh||15vh||true|false\u00a0\u00bb hover_enabled=\u00a0\u00bb0&Prime; global_colors_info=\u00a0\u00bb{}\u00a0\u00bb background_image_height=\u00a0\u00bb100%\u00a0\u00bb sticky_enabled=\u00a0\u00bb0&Prime; background_last_edited=\u00a0\u00bbon|phone\u00a0\u00bb background_enable_image_tablet=\u00a0\u00bboff\u00a0\u00bb][et_pb_row column_structure=\u00a0\u00bb1_3,2_3&Prime; _builder_version=\u00a0\u00bb4.23.4&Prime; _module_preset=\u00a0\u00bbdefault\u00a0\u00bb global_colors_info=\u00a0\u00bb{}\u00a0\u00bb][et_pb_column type=\u00a0\u00bb1_3&Prime; _builder_version=\u00a0\u00bb4.23.1&Prime; _module_preset=\u00a0\u00bbdefault\u00a0\u00bb global_colors_info=\u00a0\u00bb{}\u00a0\u00bb][\/et_pb_column][et_pb_column type=\u00a0\u00bb2_3&Prime; _builder_version=\u00a0\u00bb4.23.1&Prime; _module_preset=\u00a0\u00bbdefault\u00a0\u00bb global_colors_info=\u00a0\u00bb{}\u00a0\u00bb][et_pb_text _builder_version=\u00a0\u00bb4.23.1&Prime; _module_preset=\u00a0\u00bbdefault\u00a0\u00bb global_colors_info=\u00a0\u00bb{}\u00a0\u00bb]<\/p>\n<h1>Qui nous sommes<\/h1>\n<p><em>L&rsquo;\u00e9quipe derri\u00e8re les histoires<\/em><\/p>\n<p>[\/et_pb_text][et_pb_text _builder_version=\u00a0\u00bb4.23.1&Prime; _module_preset=\u00a0\u00bbdefault\u00a0\u00bb global_colors_info=\u00a0\u00bb{}\u00a0\u00bb]<\/p>\n<p>&nbsp;<\/p>\n<p>Epic Fumbles, c&rsquo;est bien plus qu&rsquo;une entreprise de team building. Nous sommes des cr\u00e9ateurs d&rsquo;\u00e9pop\u00e9es, guid\u00e9s par la passion de transformer chaque instant en une aventure inoubliable. Notre \u00e9quipe, dirig\u00e9e par Fr\u00e9d\u00e9rick Robindaine, ma\u00eetre de jeu passionn\u00e9, s&rsquo;engage \u00e0 cr\u00e9er des exp\u00e9riences de jeu de r\u00f4le uniques et accessibles.<\/p>\n<p>Que ce soit \u00e0 travers nos modules pr\u00eats \u00e0 l&#8217;emploi, nos campagnes \u00e9piques ou nos aventures sur mesure, nous sommes d\u00e9termin\u00e9s \u00e0 forger des liens \u00e9piques et \u00e0 inspirer des souvenirs durables. Chez Epic Fumbles, nous ne proposons pas simplement des activit\u00e9s de consolidation d&rsquo;\u00e9quipe, nous offrons des voyages extraordinaires o\u00f9 l&rsquo;imagination prend vie.<\/p>\n<p>[\/et_pb_text][\/et_pb_column][\/et_pb_row][\/et_pb_section][et_pb_section fb_built=\u00a0\u00bb1&Prime; _builder_version=\u00a0\u00bb4.23.4&Prime; _module_preset=\u00a0\u00bbdefault\u00a0\u00bb global_colors_info=\u00a0\u00bb{}\u00a0\u00bb][et_pb_row column_structure=\u00a0\u00bb1_2,1_2&Prime; make_equal=\u00a0\u00bbon\u00a0\u00bb _builder_version=\u00a0\u00bb4.24.2&Prime; _module_preset=\u00a0\u00bbdefault\u00a0\u00bb global_colors_info=\u00a0\u00bb{}\u00a0\u00bb][et_pb_column type=\u00a0\u00bb1_2&Prime; _builder_version=\u00a0\u00bb4.23.4&Prime; _module_preset=\u00a0\u00bbdefault\u00a0\u00bb global_colors_info=\u00a0\u00bb{}\u00a0\u00bb][et_pb_text _builder_version=\u00a0\u00bb4.23.1&Prime; _module_preset=\u00a0\u00bbdefault\u00a0\u00bb global_colors_info=\u00a0\u00bb{}\u00a0\u00bb]<\/p>\n<h1>Fr\u00e9d\u00e9rick Robindaine<\/h1>\n<p><em>Le narrateur de votre histoire<\/em><\/p>\n<p>[\/et_pb_text][et_pb_text _builder_version=\u00a0\u00bb4.23.1&Prime; _module_preset=\u00a0\u00bbdefault\u00a0\u00bb global_colors_info=\u00a0\u00bb{}\u00a0\u00bb]<\/p>\n<p>Rencontrez l&rsquo;architecte de nos r\u00e9cits fantastiques, Fr\u00e9d\u00e9rick Robindaine, le ma\u00eetre de jeu principal d&rsquo;Epic Fumbles. Anim\u00e9 par une passion in\u00e9branlable pour l&rsquo;art de raconter des histoires, Fr\u00e9d\u00e9rick est bien plus qu&rsquo;un guide \u00e0 travers nos aventures.\u00a0<\/p>\n<p>Fr\u00e9d\u00e9rick ne se contente pas de cr\u00e9er des mondes captivants ; il s&rsquo;efforce de vous faire vivre des exp\u00e9riences inoubliables. Son engagement envers la cr\u00e9ation de souvenirs m\u00e9morables et sa capacit\u00e9 \u00e0 immerger les joueurs dans des univers extraordinaires font de lui le narrateur id\u00e9al pour votre aventure. Pr\u00e9parez-vous \u00e0 \u00eatre entra\u00een\u00e9 dans des r\u00e9cits \u00e9piques sous sa direction, o\u00f9 l&rsquo;inattendu est la norme et chaque choix compte.<\/p>\n<p>[\/et_pb_text][\/et_pb_column][et_pb_column type=\u00a0\u00bb1_2&Prime; _builder_version=\u00a0\u00bb4.23.4&Prime; _module_preset=\u00a0\u00bbdefault\u00a0\u00bb global_colors_info=\u00a0\u00bb{}\u00a0\u00bb][et_pb_image src=\u00a0\u00bbhttps:\/\/epicfumbles.com\/wp-content\/uploads\/2024\/01\/Group-105.jpg\u00a0\u00bb title_text=\u00a0\u00bbGroup 105&Prime; _builder_version=\u00a0\u00bb4.23.4&Prime; _module_preset=\u00a0\u00bbdefault\u00a0\u00bb global_colors_info=\u00a0\u00bb{}\u00a0\u00bb][\/et_pb_image][\/et_pb_column][\/et_pb_row][\/et_pb_section][et_pb_section fb_built=\u00a0\u00bb1&Prime; _builder_version=\u00a0\u00bb4.24.2&Prime; _module_preset=\u00a0\u00bbdefault\u00a0\u00bb background_image=\u00a0\u00bbhttps:\/\/epicfumbles.com\/wp-content\/uploads\/2024\/01\/maps.jpg\u00a0\u00bb parallax=\u00a0\u00bbon\u00a0\u00bb custom_padding=\u00a0\u00bb||0px||false|false\u00a0\u00bb global_colors_info=\u00a0\u00bb{}\u00a0\u00bb][et_pb_row _builder_version=\u00a0\u00bb4.24.2&Prime; _module_preset=\u00a0\u00bbdefault\u00a0\u00bb custom_margin=\u00a0\u00bb||0px||false|false\u00a0\u00bb custom_padding=\u00a0\u00bb||0px||false|false\u00a0\u00bb global_colors_info=\u00a0\u00bb{}\u00a0\u00bb][et_pb_column type=\u00a0\u00bb4_4&Prime; _builder_version=\u00a0\u00bb4.23.4&Prime; _module_preset=\u00a0\u00bbdefault\u00a0\u00bb global_colors_info=\u00a0\u00bb{}\u00a0\u00bb][et_pb_text _builder_version=\u00a0\u00bb4.24.2&Prime; _module_preset=\u00a0\u00bbdefault\u00a0\u00bb text_text_color=\u00a0\u00bb#FFFFFF\u00a0\u00bb header_2_text_color=\u00a0\u00bb#FFFFFF\u00a0\u00bb global_colors_info=\u00a0\u00bb{}\u00a0\u00bb]<\/p>\n<h2 style=\"text-align: center;\">Notre qu\u00eate<\/h2>\n<p style=\"text-align: center;\">Liens \u00e9piques, aventures inoubliables<\/p>\n<p>[\/et_pb_text][et_pb_text _builder_version=\u00a0\u00bb4.24.2&Prime; _module_preset=\u00a0\u00bbdefault\u00a0\u00bb text_text_color=\u00a0\u00bb#FFFFFF\u00a0\u00bb global_colors_info=\u00a0\u00bb{}\u00a0\u00bb]<\/p>\n<p>Chez Epic Fumbles, notre mission est simple et puissante: forger des liens \u00e9piques au sein de votre \u00e9quipe. \u00c0 travers nos aventures de jeu de r\u00f4le uniques, que ce soit via nos modules pr\u00eats \u00e0 l&#8217;emploi, nos campagnes \u00e9piques ou nos aventures personnalis\u00e9es, nous cr\u00e9ons des moments m\u00e9morables de collaboration, de cr\u00e9ativit\u00e9 et de camaraderie.<\/p>\n<p>[\/et_pb_text][\/et_pb_column][\/et_pb_row][et_pb_row _builder_version=\u00a0\u00bb4.23.4&Prime; _module_preset=\u00a0\u00bbdefault\u00a0\u00bb vertical_offset=\u00a0\u00bb90px\u00a0\u00bb max_width=\u00a0\u00bb2560px\u00a0\u00bb module_alignment=\u00a0\u00bbcenter\u00a0\u00bb custom_margin=\u00a0\u00bb||0px||false|false\u00a0\u00bb custom_padding=\u00a0\u00bb0px||0px||true|false\u00a0\u00bb global_colors_info=\u00a0\u00bb{}\u00a0\u00bb][et_pb_column type=\u00a0\u00bb4_4&Prime; _builder_version=\u00a0\u00bb4.23.4&Prime; _module_preset=\u00a0\u00bbdefault\u00a0\u00bb global_colors_info=\u00a0\u00bb{}\u00a0\u00bb][et_pb_text _builder_version=\u00a0\u00bb4.23.4&Prime; _module_preset=\u00a0\u00bbdefault\u00a0\u00bb text_text_color=\u00a0\u00bb#FFFFFF\u00a0\u00bb background_image=\u00a0\u00bbhttps:\/\/epicfumbles.com\/wp-content\/uploads\/2024\/01\/paintEmphasis.png\u00a0\u00bb background_size=\u00a0\u00bbstretch\u00a0\u00bb custom_margin=\u00a0\u00bb||||true\u00a0\u00bb custom_padding=\u00a0\u00bb7vh|10vw|7vh|10vw|true|true\u00a0\u00bb global_colors_info=\u00a0\u00bb{}\u00a0\u00bb]<\/p>\n<p style=\"text-align: center;\">Notre qu\u00eate est de vous offrir bien plus qu&rsquo;une simple activit\u00e9 de team building; c&rsquo;est de vous plonger dans des mondes fantastiques, d&rsquo;inspirer l&rsquo;imagination et de tisser des liens durables.<\/p>\n<p>[\/et_pb_text][\/et_pb_column][\/et_pb_row][\/et_pb_section][et_pb_section fb_built=\u00a0\u00bb1&Prime; _builder_version=\u00a0\u00bb4.23.4&Prime; _module_preset=\u00a0\u00bbdefault\u00a0\u00bb background_enable_image=\u00a0\u00bboff\u00a0\u00bb background_size=\u00a0\u00bbcontain\u00a0\u00bb background_position=\u00a0\u00bbtop_center\u00a0\u00bb global_colors_info=\u00a0\u00bb{}\u00a0\u00bb][et_pb_row _builder_version=\u00a0\u00bb4.23.4&Prime; _module_preset=\u00a0\u00bbdefault\u00a0\u00bb custom_margin=\u00a0\u00bb70px||||false|false\u00a0\u00bb global_colors_info=\u00a0\u00bb{}\u00a0\u00bb][et_pb_column type=\u00a0\u00bb4_4&Prime; _builder_version=\u00a0\u00bb4.23.1&Prime; _module_preset=\u00a0\u00bbdefault\u00a0\u00bb global_colors_info=\u00a0\u00bb{}\u00a0\u00bb][et_pb_text _builder_version=\u00a0\u00bb4.23.1&Prime; _module_preset=\u00a0\u00bbdefault\u00a0\u00bb global_colors_info=\u00a0\u00bb{}\u00a0\u00bb]<\/p>\n<h2 style=\"text-align: center;\">Suivez-nous de pr\u00e8s<\/h2>\n<p style=\"text-align: center;\"><em>Demeurez \u00e0 l&rsquo;affut<\/em><\/p>\n<p>[\/et_pb_text][et_pb_code _builder_version=\u00a0\u00bb4.23.1&Prime; _module_preset=\u00a0\u00bbdefault\u00a0\u00bb text_orientation=\u00a0\u00bbcenter\u00a0\u00bb width=\u00a0\u00bb100%\u00a0\u00bb max_width=\u00a0\u00bb100%\u00a0\u00bb module_alignment=\u00a0\u00bbcenter\u00a0\u00bb global_colors_info=\u00a0\u00bb{}\u00a0\u00bb]<svg xmlns=\"http:\/\/www.w3.org\/2000\/svg\" width=\"100%\" height=\"25.55\" viewBox=\"0 0 222.485 25.55\"><!-- [et_pb_line_break_holder] --><a href=\"https:\/\/www.facebook.com\/EpicFumbles\" target=\"_blank\" rel=\"noopener\"><!-- [et_pb_line_break_holder] -->  <path id=\"icons8-facebook\" d=\"M15.84,3a12.833,12.833,0,0,0-1.919,25.522V19.244H10.745V15.868h3.177V13.623c0-3.718,1.812-5.351,4.9-5.351a17.849,17.849,0,0,1,2.633.16v2.946H19.349c-1.312,0-1.77,1.244-1.77,2.646v1.845h3.845L20.9,19.244H17.579V28.55A12.833,12.833,0,0,0,15.84,3Z\" transform=\"translate(-3 -3)\" fill=\"#FF7F00\"\/><!-- [et_pb_line_break_holder] -->  <\/a><!-- [et_pb_line_break_holder] -->  <a href=\"https:\/\/www.instagram.com\/epic_fumbles\/\" target=\"_blank\" rel=\"noopener\"><!-- [et_pb_line_break_holder] -->    <path id=\"icons8-instagram\" d=\"M10.45,3A7.461,7.461,0,0,0,3,10.454V21.1a7.461,7.461,0,0,0,7.454,7.45H21.1A7.461,7.461,0,0,0,28.55,21.1V10.45A7.461,7.461,0,0,0,21.1,3ZM23.227,7.258a1.065,1.065,0,1,1-1.065,1.065A1.065,1.065,0,0,1,23.227,7.258ZM15.775,9.387a6.387,6.387,0,1,1-6.387,6.387A6.394,6.394,0,0,1,15.775,9.387Zm0,2.129a4.258,4.258,0,1,0,4.258,4.258,4.258,4.258,0,0,0-4.258-4.258Z\" transform=\"translate(45 -3)\" fill=\"#FF7F00\"\/><!-- [et_pb_line_break_holder] -->  <\/a><!-- [et_pb_line_break_holder] -->  <a href=\"https:\/\/www.twitch.tv\/epicfumbles\" target=\"_blank\" rel=\"noopener\"><!-- [et_pb_line_break_holder] -->  <path id=\"icons8-twitch\" d=\"M3.763,1,2,5.691V23.356H7.855V26.55H11.8l3.194-3.194h4.791l6.7-6.687V1ZM6.791,3.661H23.824v11.71L20.63,18.565H14.242l-3.194,3.194V18.565H6.791Zm4.791,3.726v7.452h3.194V7.387Zm5.323,0v7.452H20.1V7.387Z\" transform=\"translate(196 -1)\" fill=\"#FF7F00\"\/><!-- [et_pb_line_break_holder] -->  <\/a><!-- [et_pb_line_break_holder] -->  <a href=\"https:\/\/discord.gg\/GNCHX2uead\" target=\"_blank\" rel=\"noopener\"><!-- [et_pb_line_break_holder] -->  <path id=\"discord-svgrepo-com\" d=\"M27.232,6.551A24.141,24.141,0,0,0,21.206,4.66a13.924,13.924,0,0,0-.769,1.6,22.06,22.06,0,0,0-6.671,0,17.135,17.135,0,0,0-.784-1.6A24.141,24.141,0,0,0,6.957,6.551,25.232,25.232,0,0,0,2.622,23.428a24.131,24.131,0,0,0,7.394,3.781,18.6,18.6,0,0,0,1.583-2.6A14.36,14.36,0,0,1,9.109,23.4c.215-.154.415-.323.615-.477a17.047,17.047,0,0,0,14.772,0c.2.169.4.323.615.477a16.22,16.22,0,0,1-2.49,1.214,18.6,18.6,0,0,0,1.583,2.6A23.962,23.962,0,0,0,31.6,23.428,25.144,25.144,0,0,0,27.262,6.551Zm-14.987,13.5a2.828,2.828,0,0,1-2.628-2.982,2.808,2.808,0,0,1,2.628-2.982,2.8,2.8,0,0,1,2.628,2.982A2.817,2.817,0,0,1,12.245,20.047Zm9.7,0a2.828,2.828,0,0,1-2.628-2.982,2.808,2.808,0,0,1,2.628-2.982,2.8,2.8,0,0,1,2.629,2.982A2.817,2.817,0,0,1,21.944,20.047Z\" transform=\"translate(93.498 -3.16)\" fill=\"#FF7F00\"\/><!-- [et_pb_line_break_holder] -->  <\/a><!-- [et_pb_line_break_holder] -->  <a href=\"https:\/\/www.youtube.com\/@epicfumbles8540\" target=\"_blank\" rel=\"noopener\"><!-- [et_pb_line_break_holder] -->  <g id=\"Page-1\" transform=\"translate(148 2.974)\"><!-- [et_pb_line_break_holder] -->    <g id=\"Dribbble-Light-Preview\" transform=\"translate(0 -0.002)\"><!-- [et_pb_line_break_holder] -->      <g id=\"icons\" transform=\"translate(0)\"><!-- [et_pb_line_break_holder] -->        <path id=\"youtube-_168_\" data-name=\"youtube-[#168]\" d=\"M255.183,7295.426v-7.867c2.79,1.315,4.95,2.589,7.5,3.947-2.107,1.176-4.714,2.479-7.5,3.92m15.544-11.773a3.674,3.674,0,0,0-2.174-1.288c-2.566-.49-18.574-.49-21.138,0a3.7,3.7,0,0,0-1.859.938c-2.255,2.1-1.548,13.327-1.005,15.147a4.072,4.072,0,0,0,.9,1.736,3.636,3.636,0,0,0,1.89.979c2.113.434,13,.687,21.171.07a3.728,3.728,0,0,0,1.946-1.008c2.086-2.087,1.943-13.944.273-16.576\" transform=\"translate(-244 -7281.997)\" fill=\"#FF7F00\" fill-rule=\"evenodd\"\/><!-- [et_pb_line_break_holder] -->      <\/g><!-- [et_pb_line_break_holder] -->    <\/g><!-- [et_pb_line_break_holder] -->  <\/g><!-- [et_pb_line_break_holder] -->    <\/a><!-- [et_pb_line_break_holder] --><\/svg>[\/et_pb_code][\/et_pb_column][\/et_pb_row][\/et_pb_section]<\/p>\n","protected":false},"excerpt":{"rendered":"<p>Qui nous sommesQui nous sommes L&rsquo;\u00e9quipe derri\u00e8re les histoires&nbsp; Epic Fumbles, c&rsquo;est bien plus qu&rsquo;une entreprise de team building. Nous sommes des cr\u00e9ateurs d&rsquo;\u00e9pop\u00e9es, guid\u00e9s par la passion de transformer chaque instant en une aventure inoubliable. Notre \u00e9quipe, dirig\u00e9e par Fr\u00e9d\u00e9rick Robindaine, ma\u00eetre de jeu passionn\u00e9, s&rsquo;engage \u00e0 cr\u00e9er des exp\u00e9riences de jeu de r\u00f4le [&hellip;]<\/p>\n","protected":false},"author":1,"featured_media":0,"parent":0,"menu_order":0,"comment_status":"closed","ping_status":"closed","template":"","meta":{"_et_pb_use_builder":"on","_et_pb_old_content":"<!-- wp:divi\/placeholder \/-->","_et_gb_content_width":"","footnotes":""},"class_list":["post-25","page","type-page","status-publish","hentry"],"_links":{"self":[{"href":"https:\/\/epicfumbles.com\/en\/wp-json\/wp\/v2\/pages\/25","targetHints":{"allow":["GET"]}}],"collection":[{"href":"https:\/\/epicfumbles.com\/en\/wp-json\/wp\/v2\/pages"}],"about":[{"href":"https:\/\/epicfumbles.com\/en\/wp-json\/wp\/v2\/types\/page"}],"author":[{"embeddable":true,"href":"https:\/\/epicfumbles.com\/en\/wp-json\/wp\/v2\/users\/1"}],"replies":[{"embeddable":true,"href":"https:\/\/epicfumbles.com\/en\/wp-json\/wp\/v2\/comments?post=25"}],"version-history":[{"count":12,"href":"https:\/\/epicfumbles.com\/en\/wp-json\/wp\/v2\/pages\/25\/revisions"}],"predecessor-version":[{"id":411,"href":"https:\/\/epicfumbles.com\/en\/wp-json\/wp\/v2\/pages\/25\/revisions\/411"}],"wp:attachment":[{"href":"https:\/\/epicfumbles.com\/en\/wp-json\/wp\/v2\/media?parent=25"}],"curies":[{"name":"wp","href":"https:\/\/api.w.org\/{rel}","templated":true}]}}